{"id":1788,"date":"2024-04-12T11:45:50","date_gmt":"2024-04-12T11:45:50","guid":{"rendered":"https:\/\/rossbach-praxis.de\/?page_id=1788"},"modified":"2024-04-12T11:56:01","modified_gmt":"2024-04-12T11:56:01","slug":"rebecca-schlichting","status":"publish","type":"page","link":"https:\/\/rossbach-praxis.de\/en\/team\/rebecca-schlichting\/","title":{"rendered":"Rebecca Schlichting"},"content":{"rendered":"<h2><span style=\"color: #808080;\">EN \u00dcber Rebecca Schlichting<br \/>\n<\/span><\/h2>\n<p>Hier finden Sie in K\u00fcrze weitere Informationen \u00fcber unsere Mitarbeiterinnen.<\/p>\n","protected":false},"excerpt":{"rendered":"<p>EN \u00dcber Rebecca Schlichting Hier finden Sie in K\u00fcrze weitere Informationen \u00fcber unsere Mitarbeiterinnen.<\/p>\n","protected":false},"author":6,"featured_media":0,"parent":1747,"menu_order":0,"comment_status":"closed","ping_status":"closed","template":"template-blank.php","meta":{"footnotes":""},"class_list":["post-1788","page","type-page","status-publish","hentry"],"_links":{"self":[{"href":"https:\/\/rossbach-praxis.de\/en\/wp-json\/wp\/v2\/pages\/1788","targetHints":{"allow":["GET"]}}],"collection":[{"href":"https:\/\/rossbach-praxis.de\/en\/wp-json\/wp\/v2\/pages"}],"about":[{"href":"https:\/\/rossbach-praxis.de\/en\/wp-json\/wp\/v2\/types\/page"}],"author":[{"embeddable":true,"href":"https:\/\/rossbach-praxis.de\/en\/wp-json\/wp\/v2\/users\/6"}],"replies":[{"embeddable":true,"href":"https:\/\/rossbach-praxis.de\/en\/wp-json\/wp\/v2\/comments?post=1788"}],"version-history":[{"count":2,"href":"https:\/\/rossbach-praxis.de\/en\/wp-json\/wp\/v2\/pages\/1788\/revisions"}],"predecessor-version":[{"id":1798,"href":"https:\/\/rossbach-praxis.de\/en\/wp-json\/wp\/v2\/pages\/1788\/revisions\/1798"}],"up":[{"embeddable":true,"href":"https:\/\/rossbach-praxis.de\/en\/wp-json\/wp\/v2\/pages\/1747"}],"wp:attachment":[{"href":"https:\/\/rossbach-praxis.de\/en\/wp-json\/wp\/v2\/media?parent=1788"}],"curies":[{"name":"wp","href":"https:\/\/api.w.org\/{rel}","templated":true}]}}